{"id":831,"date":"2023-03-13T17:08:35","date_gmt":"2023-03-13T20:08:35","guid":{"rendered":"https:\/\/ciencia.ufpr.br\/portal\/es\/?page_id=831"},"modified":"2023-04-28T20:31:28","modified_gmt":"2023-04-28T23:31:28","slug":"terminos-de-uso","status":"publish","type":"page","link":"https:\/\/ciencia.ufpr.br\/portal\/es\/terminos-de-uso\/","title":{"rendered":"T\u00e9rminos de uso"},"content":{"rendered":"<p>Los textos de la p\u00e1gina Ci\u00eancia UFPR pueden ser reproducidos libremente, siempre que se mencionen el autor y la fuente y, en los medios digitales, el enlace de origen.<\/p>\n<p>El proyecto abarca una publicaci\u00f3n impresa y otra digital, ambas numeradas con el N\u00famero Internacional Normalizado de Publicaciones Seriadas (ISSN), lo que las convierte en publicaciones originales y, las reproducciones sin cr\u00e9dito, una forma de plagio.<\/p>\n<p>Las fotograf\u00edas, infograf\u00edas e ilustraciones acreditadas a Sucom-UFPR pueden utilizarse sin autorizaci\u00f3n, siempre que se mencione al autor de la imagen y su origen (Ejemplo: Nombre\/Sucom-UFPR).<\/p>\n<p>Los audios y v\u00eddeos tambi\u00e9n pueden ser utilizados libremente con fines period\u00edsticos si se menciona la fuente (Sucom o difusi\u00f3n), excepto cuando el autor sea un tercero (recopilaci\u00f3n personal, cesi\u00f3n o reproducci\u00f3n).<\/p>\n<p>Las excepciones son el material publicado por primera vez en el Portal de la UFPR, que se identifica al final de cada texto, y el contenido de la secci\u00f3n \u00abAgenda\u00bb.<\/p>\n<p>Las consultas pueden ser dirigidas a los correos revistaciencia@ufpr.br o jornalismo.sucom@ufpr.br.<\/p>\n<p>\u00bfEs miembro de la comunidad UFPR? Para sugerir temas, acceda a \u00abSugerir temas\u00bb. Para enviar art\u00edculos, acceda primero a los criterios en \u00abEnviar art\u00edculos\u00bb.<\/p>\n<h3>Licencia de uso<\/h3>\n<p><a style=\"display: inline-block;\" href=\"http:\/\/creativecommons.org\/licenses\/by\/4.0\/?ref=chooser-v1\" target=\"_blank\" rel=\"license noopener noreferrer\">CC BY 4.0 <img decoding=\"async\" style=\"height: 22px!important; margin-left: 3px; vertical-align: text-bottom;\" src=\"https:\/\/mirrors.creativecommons.org\/presskit\/icons\/cc.svg?ref=chooser-v1\" \/><img decoding=\"async\" style=\"height: 22px!important; margin-left: 3px; vertical-align: text-bottom;\" src=\"https:\/\/mirrors.creativecommons.org\/presskit\/icons\/by.svg?ref=chooser-v1\" \/><\/a><\/p>\n","protected":false},"excerpt":{"rendered":"<p>Los textos de la p\u00e1gina Ci\u00eancia UFPR pueden ser reproducidos libremente, siempre que se mencionen el autor y la fuente y, en los medios digitales, el enlace de origen. El&#8230;<\/p>\n","protected":false},"author":2801,"featured_media":0,"parent":0,"menu_order":0,"comment_status":"closed","ping_status":"closed","template":"","meta":{"_acf_changed":false,"footnotes":""},"acf":[],"yoast_head":"<!-- This site is optimized with the Yoast SEO plugin v23.5 - https:\/\/yoast.com\/wordpress\/plugins\/seo\/ -->\n<title>T\u00e9rminos de uso - Ci\u00eancia UFPR Edici\u00f3n en espa\u00f1ol<\/title>\n<meta name=\"robots\" content=\"index, follow, max-snippet:-1, max-image-preview:large, max-video-preview:-1\" \/>\n<link rel=\"canonical\" href=\"https:\/\/ciencia.ufpr.br\/portal\/es\/terminos-de-uso\/\" \/>\n<meta property=\"og:locale\" content=\"es_ES\" \/>\n<meta property=\"og:type\" content=\"article\" \/>\n<meta property=\"og:title\" content=\"T\u00e9rminos de uso - Ci\u00eancia UFPR Edici\u00f3n en espa\u00f1ol\" \/>\n<meta property=\"og:description\" content=\"Los textos de la p\u00e1gina Ci\u00eancia UFPR pueden ser reproducidos libremente, siempre que se mencionen el autor y la fuente y, en los medios digitales, el enlace de origen. El...\" \/>\n<meta property=\"og:url\" content=\"https:\/\/ciencia.ufpr.br\/portal\/es\/terminos-de-uso\/\" \/>\n<meta property=\"og:site_name\" content=\"Ci\u00eancia UFPR Edici\u00f3n en espa\u00f1ol\" \/>\n<meta property=\"article:modified_time\" content=\"2023-04-28T23:31:28+00:00\" \/>\n<meta property=\"og:image\" content=\"https:\/\/mirrors.creativecommons.org\/presskit\/icons\/cc.svg?ref=chooser-v1\" \/>\n<meta name=\"twitter:card\" content=\"summary_large_image\" \/>\n<meta name=\"twitter:label1\" content=\"Tiempo de lectura\" \/>\n\t<meta name=\"twitter:data1\" content=\"2 minutos\" \/>\n<script type=\"application\/ld+json\" class=\"yoast-schema-graph\">{\"@context\":\"https:\/\/schema.org\",\"@graph\":[{\"@type\":\"WebPage\",\"@id\":\"https:\/\/ciencia.ufpr.br\/portal\/es\/terminos-de-uso\/\",\"url\":\"https:\/\/ciencia.ufpr.br\/portal\/es\/terminos-de-uso\/\",\"name\":\"T\u00e9rminos de uso - Ci\u00eancia UFPR Edici\u00f3n en espa\u00f1ol\",\"isPartOf\":{\"@id\":\"https:\/\/ciencia.ufpr.br\/portal\/es\/#website\"},\"primaryImageOfPage\":{\"@id\":\"https:\/\/ciencia.ufpr.br\/portal\/es\/terminos-de-uso\/#primaryimage\"},\"image\":{\"@id\":\"https:\/\/ciencia.ufpr.br\/portal\/es\/terminos-de-uso\/#primaryimage\"},\"thumbnailUrl\":\"https:\/\/mirrors.creativecommons.org\/presskit\/icons\/cc.svg?ref=chooser-v1\",\"datePublished\":\"2023-03-13T20:08:35+00:00\",\"dateModified\":\"2023-04-28T23:31:28+00:00\",\"breadcrumb\":{\"@id\":\"https:\/\/ciencia.ufpr.br\/portal\/es\/terminos-de-uso\/#breadcrumb\"},\"inLanguage\":\"es\",\"potentialAction\":[{\"@type\":\"ReadAction\",\"target\":[\"https:\/\/ciencia.ufpr.br\/portal\/es\/terminos-de-uso\/\"]}]},{\"@type\":\"ImageObject\",\"inLanguage\":\"es\",\"@id\":\"https:\/\/ciencia.ufpr.br\/portal\/es\/terminos-de-uso\/#primaryimage\",\"url\":\"https:\/\/mirrors.creativecommons.org\/presskit\/icons\/cc.svg?ref=chooser-v1\",\"contentUrl\":\"https:\/\/mirrors.creativecommons.org\/presskit\/icons\/cc.svg?ref=chooser-v1\"},{\"@type\":\"BreadcrumbList\",\"@id\":\"https:\/\/ciencia.ufpr.br\/portal\/es\/terminos-de-uso\/#breadcrumb\",\"itemListElement\":[{\"@type\":\"ListItem\",\"position\":1,\"name\":\"In\u00edcio\",\"item\":\"https:\/\/ciencia.ufpr.br\/portal\/es\/\"},{\"@type\":\"ListItem\",\"position\":2,\"name\":\"T\u00e9rminos de uso\"}]},{\"@type\":\"WebSite\",\"@id\":\"https:\/\/ciencia.ufpr.br\/portal\/es\/#website\",\"url\":\"https:\/\/ciencia.ufpr.br\/portal\/es\/\",\"name\":\"Ci\u00eancia UFPR Edici\u00f3n en espa\u00f1ol\",\"description\":\"Portal de periodismo y divulgaci\u00f3n cient\u00edfica sobre el conocimiento producido en la Universidad Federal de Paran\u00e1 (UFPR). Basado en revista Ciencia UFPR.\",\"potentialAction\":[{\"@type\":\"SearchAction\",\"target\":{\"@type\":\"EntryPoint\",\"urlTemplate\":\"https:\/\/ciencia.ufpr.br\/portal\/es\/?s={search_term_string}\"},\"query-input\":{\"@type\":\"PropertyValueSpecification\",\"valueRequired\":true,\"valueName\":\"search_term_string\"}}],\"inLanguage\":\"es\"}]}<\/script>\n<!-- \/ Yoast SEO plugin. -->","yoast_head_json":{"title":"T\u00e9rminos de uso - Ci\u00eancia UFPR Edici\u00f3n en espa\u00f1ol","robots":{"index":"index","follow":"follow","max-snippet":"max-snippet:-1","max-image-preview":"max-image-preview:large","max-video-preview":"max-video-preview:-1"},"canonical":"https:\/\/ciencia.ufpr.br\/portal\/es\/terminos-de-uso\/","og_locale":"es_ES","og_type":"article","og_title":"T\u00e9rminos de uso - Ci\u00eancia UFPR Edici\u00f3n en espa\u00f1ol","og_description":"Los textos de la p\u00e1gina Ci\u00eancia UFPR pueden ser reproducidos libremente, siempre que se mencionen el autor y la fuente y, en los medios digitales, el enlace de origen. El...","og_url":"https:\/\/ciencia.ufpr.br\/portal\/es\/terminos-de-uso\/","og_site_name":"Ci\u00eancia UFPR Edici\u00f3n en espa\u00f1ol","article_modified_time":"2023-04-28T23:31:28+00:00","og_image":[{"url":"https:\/\/mirrors.creativecommons.org\/presskit\/icons\/cc.svg?ref=chooser-v1"}],"twitter_card":"summary_large_image","twitter_misc":{"Tiempo de lectura":"2 minutos"},"schema":{"@context":"https:\/\/schema.org","@graph":[{"@type":"WebPage","@id":"https:\/\/ciencia.ufpr.br\/portal\/es\/terminos-de-uso\/","url":"https:\/\/ciencia.ufpr.br\/portal\/es\/terminos-de-uso\/","name":"T\u00e9rminos de uso - Ci\u00eancia UFPR Edici\u00f3n en espa\u00f1ol","isPartOf":{"@id":"https:\/\/ciencia.ufpr.br\/portal\/es\/#website"},"primaryImageOfPage":{"@id":"https:\/\/ciencia.ufpr.br\/portal\/es\/terminos-de-uso\/#primaryimage"},"image":{"@id":"https:\/\/ciencia.ufpr.br\/portal\/es\/terminos-de-uso\/#primaryimage"},"thumbnailUrl":"https:\/\/mirrors.creativecommons.org\/presskit\/icons\/cc.svg?ref=chooser-v1","datePublished":"2023-03-13T20:08:35+00:00","dateModified":"2023-04-28T23:31:28+00:00","breadcrumb":{"@id":"https:\/\/ciencia.ufpr.br\/portal\/es\/terminos-de-uso\/#breadcrumb"},"inLanguage":"es","potentialAction":[{"@type":"ReadAction","target":["https:\/\/ciencia.ufpr.br\/portal\/es\/terminos-de-uso\/"]}]},{"@type":"ImageObject","inLanguage":"es","@id":"https:\/\/ciencia.ufpr.br\/portal\/es\/terminos-de-uso\/#primaryimage","url":"https:\/\/mirrors.creativecommons.org\/presskit\/icons\/cc.svg?ref=chooser-v1","contentUrl":"https:\/\/mirrors.creativecommons.org\/presskit\/icons\/cc.svg?ref=chooser-v1"},{"@type":"BreadcrumbList","@id":"https:\/\/ciencia.ufpr.br\/portal\/es\/terminos-de-uso\/#breadcrumb","itemListElement":[{"@type":"ListItem","position":1,"name":"In\u00edcio","item":"https:\/\/ciencia.ufpr.br\/portal\/es\/"},{"@type":"ListItem","position":2,"name":"T\u00e9rminos de uso"}]},{"@type":"WebSite","@id":"https:\/\/ciencia.ufpr.br\/portal\/es\/#website","url":"https:\/\/ciencia.ufpr.br\/portal\/es\/","name":"Ci\u00eancia UFPR Edici\u00f3n en espa\u00f1ol","description":"Portal de periodismo y divulgaci\u00f3n cient\u00edfica sobre el conocimiento producido en la Universidad Federal de Paran\u00e1 (UFPR). Basado en revista Ciencia UFPR.","potentialAction":[{"@type":"SearchAction","target":{"@type":"EntryPoint","urlTemplate":"https:\/\/ciencia.ufpr.br\/portal\/es\/?s={search_term_string}"},"query-input":{"@type":"PropertyValueSpecification","valueRequired":true,"valueName":"search_term_string"}}],"inLanguage":"es"}]}},"jetpack_sharing_enabled":true,"amp_enabled":true,"_links":{"self":[{"href":"https:\/\/ciencia.ufpr.br\/portal\/es\/wp-json\/wp\/v2\/pages\/831"}],"collection":[{"href":"https:\/\/ciencia.ufpr.br\/portal\/es\/wp-json\/wp\/v2\/pages"}],"about":[{"href":"https:\/\/ciencia.ufpr.br\/portal\/es\/wp-json\/wp\/v2\/types\/page"}],"author":[{"embeddable":true,"href":"https:\/\/ciencia.ufpr.br\/portal\/es\/wp-json\/wp\/v2\/users\/2801"}],"replies":[{"embeddable":true,"href":"https:\/\/ciencia.ufpr.br\/portal\/es\/wp-json\/wp\/v2\/comments?post=831"}],"version-history":[{"count":4,"href":"https:\/\/ciencia.ufpr.br\/portal\/es\/wp-json\/wp\/v2\/pages\/831\/revisions"}],"predecessor-version":[{"id":1353,"href":"https:\/\/ciencia.ufpr.br\/portal\/es\/wp-json\/wp\/v2\/pages\/831\/revisions\/1353"}],"wp:attachment":[{"href":"https:\/\/ciencia.ufpr.br\/portal\/es\/wp-json\/wp\/v2\/media?parent=831"}],"curies":[{"name":"wp","href":"https:\/\/api.w.org\/{rel}","templated":true}]}}