{"id":824,"date":"2023-03-13T16:56:49","date_gmt":"2023-03-13T19:56:49","guid":{"rendered":"https:\/\/ciencia.ufpr.br\/portal\/es\/?page_id=824"},"modified":"2023-04-27T17:25:35","modified_gmt":"2023-04-27T20:25:35","slug":"presentacion","status":"publish","type":"page","link":"https:\/\/ciencia.ufpr.br\/portal\/es\/presentacion\/","title":{"rendered":"Presentaci\u00f3n"},"content":{"rendered":"<p><a href=\"https:\/\/ciencia.ufpr.br\/portal\/es\/wp-content\/uploads\/sites\/3\/2023\/04\/Envie_Pautas_1000x150-1024x112-1.png\"><img loading=\"lazy\" decoding=\"async\" class=\"aligncenter size-full wp-image-1233\" src=\"https:\/\/ciencia.ufpr.br\/portal\/es\/wp-content\/uploads\/sites\/3\/2023\/04\/Envie_Pautas_1000x150-1024x112-1.png\" alt=\"\" width=\"1024\" height=\"112\" srcset=\"https:\/\/ciencia.ufpr.br\/portal\/es\/wp-content\/uploads\/sites\/3\/2023\/04\/Envie_Pautas_1000x150-1024x112-1.png 1024w, https:\/\/ciencia.ufpr.br\/portal\/es\/wp-content\/uploads\/sites\/3\/2023\/04\/Envie_Pautas_1000x150-1024x112-1-300x33.png 300w, https:\/\/ciencia.ufpr.br\/portal\/es\/wp-content\/uploads\/sites\/3\/2023\/04\/Envie_Pautas_1000x150-1024x112-1-768x84.png 768w\" sizes=\"(max-width: 1024px) 100vw, 1024px\" \/><\/a><\/p>\n<p>La revista electr\u00f3nica Ci\u00eancia UFPR fue dise\u00f1ada, desarrollada y actualmente es mantenida por los equipos de periodismo y dise\u00f1o de la Superintendencia de Comunicaci\u00f3n Social (Sucom) de la Universidad Federal de Paran\u00e1 (UFPR).<\/p>\n<p>La idea del veh\u00edculo es ser un engranaje en el motor de la divulgaci\u00f3n cient\u00edfica brasile\u00f1a, difundiendo la producci\u00f3n de conocimiento promovida por la UFPR, y utilizando para ello el lenguaje y los recursos del periodismo cient\u00edfico.<\/p>\n<h3>Historia<\/h3>\n<p>La p\u00e1gina web surgi\u00f3 de la revista de mismo nombre, presentada en 2016. El primer n\u00famero de Ci\u00eancia UFPR, producido por la entonces Assessoria de Comunica\u00e7\u00e3o Social (ACS) de la universidad \u2014 actual Sucom \u2014, se present\u00f3 en marzo de 2016, con una tirada de 5.000 ejemplares y un objetivo: ser \u00abel veh\u00edculo de divulgaci\u00f3n cient\u00edfica de la UFPR\u00bb.<\/p>\n<p>En aquella \u00e9poca, la revista compart\u00eda con la publicaci\u00f3n Not\u00edcias da UFPR el espacio de los impresos producidos por la comunicaci\u00f3n de la UFPR, public\u00e1ndose ambas semestralmente.<\/p>\n<p>En enero de 2018 se inici\u00f3 un proceso de reformulaci\u00f3n gr\u00e1fica y editorial de la revista, en un esfuerzo conjunto de periodistas y dise\u00f1adores de Sucom. La idea era realinear las decisiones editoriales \u2014 consolidando el foco en la ciencia, delimitando los espacios de opini\u00f3n en entrevistas, columnas, rese\u00f1as y perfiles hist\u00f3ricos, y probando nuevos editoriales \u2014 y modernizar el dise\u00f1o gr\u00e1fico, con una nueva identidad.<\/p>\n<p>En el mismo a\u00f1o, se adelant\u00f3 la investigaci\u00f3n para el dise\u00f1o de la p\u00e1gina web de la publicaci\u00f3n, para que se convirtiera en una revista electr\u00f3nica, con los soportes tecnol\u00f3gicos necesarios para ello y con alcance internacional (a trav\u00e9s de una edici\u00f3n en ingl\u00e9s). El proyecto consider\u00f3 las necesidades en el \u00e1rea de comunicaci\u00f3n expresadas por la Pro-Rector\u00eda de Investigaci\u00f3n y Postgrado (PRPPG) de la UFPR.<\/p>\n<p>En diciembre de 2018, el dominio www.ciencia.ufpr.br fue creado por el Centro de Comunicaci\u00f3n Electr\u00f3nica (CCE) de la UFPR, ahora Agencia de Tecnolog\u00eda de la Informaci\u00f3n y Comunicaci\u00f3n (Agtic), anfitriona de la p\u00e1gina web. As\u00ed comenz\u00f3 el desarrollo de la p\u00e1gina, capitaneado por la unidad de periodismo de la Sucom.<br \/>\nLa presentaci\u00f3n de la revista electr\u00f3nica tuvo lugar en diciembre de 2020, en el aniversario de 108 a\u00f1os de la UFPR.<\/p>\n<h3>Misi\u00f3n<\/h3>\n<p>Apoyar la producci\u00f3n continua de contenidos de divulgaci\u00f3n cient\u00edfica de la UFPR, permitiendo que su conocimiento llegue a la sociedad y contribuya as\u00ed a fortalecer la cultura cient\u00edfica y la percepci\u00f3n de su importancia.<\/p>\n<h3>Visi\u00f3n<\/h3>\n<p>Permitir la continuidad de la cobertura period\u00edstica de calidad sobre la ciencia producida por la UFPR, contribuyendo a que sea vista como una prioridad por el \u00e1rea de comunicaci\u00f3n y un diferencial de la instituci\u00f3n.<\/p>\n<h3>Valores<\/h3>\n<p>Partimos del principio de que las universidades p\u00fablicas son las portavoces de la ciencia en Brasil, tanto en la producci\u00f3n de conocimiento como en la formaci\u00f3n de recursos humanos para la ciencia, as\u00ed como se constituyen como espacios plurales capaces de promover debates cualificados. Adoptamos el buen periodismo, la dedicaci\u00f3n, la \u00e9tica y la transparencia.<\/p>\n<h3>ISSN<\/h3>\n<p>Versi\u00f3n electr\u00f3nica: 2675-9756<br \/>\nVersi\u00f3n impresa: 2447-9241<\/p>\n<h3>Licencia de uso<\/h3>\n<p><a style=\"display: inline-block;\" href=\"http:\/\/creativecommons.org\/licenses\/by\/4.0\/?ref=chooser-v1\" target=\"_blank\" rel=\"license noopener noreferrer\">CC BY 4.0 <img decoding=\"async\" style=\"height: 22px!important; margin-left: 3px; vertical-align: text-bottom;\" src=\"https:\/\/mirrors.creativecommons.org\/presskit\/icons\/cc.svg?ref=chooser-v1\" \/><img decoding=\"async\" style=\"height: 22px!important; margin-left: 3px; vertical-align: text-bottom;\" src=\"https:\/\/mirrors.creativecommons.org\/presskit\/icons\/by.svg?ref=chooser-v1\" \/><\/a><\/p>\n","protected":false},"excerpt":{"rendered":"<p>La revista electr\u00f3nica Ci\u00eancia UFPR fue dise\u00f1ada, desarrollada y actualmente es mantenida por los equipos de periodismo y dise\u00f1o de la Superintendencia de Comunicaci\u00f3n Social (Sucom) de la Universidad Federal&#8230;<\/p>\n","protected":false},"author":2801,"featured_media":0,"parent":0,"menu_order":0,"comment_status":"closed","ping_status":"closed","template":"","meta":{"_acf_changed":false,"footnotes":""},"acf":[],"yoast_head":"<!-- This site is optimized with the Yoast SEO plugin v23.5 - https:\/\/yoast.com\/wordpress\/plugins\/seo\/ -->\n<title>Presentaci\u00f3n - Ci\u00eancia UFPR Edici\u00f3n en espa\u00f1ol<\/title>\n<meta name=\"robots\" content=\"index, follow, max-snippet:-1, max-image-preview:large, max-video-preview:-1\" \/>\n<link rel=\"canonical\" href=\"https:\/\/ciencia.ufpr.br\/portal\/es\/presentacion\/\" \/>\n<meta property=\"og:locale\" content=\"es_ES\" \/>\n<meta property=\"og:type\" content=\"article\" \/>\n<meta property=\"og:title\" content=\"Presentaci\u00f3n - Ci\u00eancia UFPR Edici\u00f3n en espa\u00f1ol\" \/>\n<meta property=\"og:description\" content=\"La revista electr\u00f3nica Ci\u00eancia UFPR fue dise\u00f1ada, desarrollada y actualmente es mantenida por los equipos de periodismo y dise\u00f1o de la Superintendencia de Comunicaci\u00f3n Social (Sucom) de la Universidad Federal...\" \/>\n<meta property=\"og:url\" content=\"https:\/\/ciencia.ufpr.br\/portal\/es\/presentacion\/\" \/>\n<meta property=\"og:site_name\" content=\"Ci\u00eancia UFPR Edici\u00f3n en espa\u00f1ol\" \/>\n<meta property=\"article:modified_time\" content=\"2023-04-27T20:25:35+00:00\" \/>\n<meta property=\"og:image\" content=\"https:\/\/ciencia.ufpr.br\/portal\/es\/wp-content\/uploads\/sites\/3\/2023\/04\/Envie_Pautas_1000x150-1024x112-1.png\" \/>\n<meta name=\"twitter:card\" content=\"summary_large_image\" \/>\n<meta name=\"twitter:label1\" content=\"Tiempo de lectura\" \/>\n\t<meta name=\"twitter:data1\" content=\"3 minutos\" \/>\n<script type=\"application\/ld+json\" class=\"yoast-schema-graph\">{\"@context\":\"https:\/\/schema.org\",\"@graph\":[{\"@type\":\"WebPage\",\"@id\":\"https:\/\/ciencia.ufpr.br\/portal\/es\/presentacion\/\",\"url\":\"https:\/\/ciencia.ufpr.br\/portal\/es\/presentacion\/\",\"name\":\"Presentaci\u00f3n - Ci\u00eancia UFPR Edici\u00f3n en espa\u00f1ol\",\"isPartOf\":{\"@id\":\"https:\/\/ciencia.ufpr.br\/portal\/es\/#website\"},\"primaryImageOfPage\":{\"@id\":\"https:\/\/ciencia.ufpr.br\/portal\/es\/presentacion\/#primaryimage\"},\"image\":{\"@id\":\"https:\/\/ciencia.ufpr.br\/portal\/es\/presentacion\/#primaryimage\"},\"thumbnailUrl\":\"https:\/\/ciencia.ufpr.br\/portal\/es\/wp-content\/uploads\/sites\/3\/2023\/04\/Envie_Pautas_1000x150-1024x112-1.png\",\"datePublished\":\"2023-03-13T19:56:49+00:00\",\"dateModified\":\"2023-04-27T20:25:35+00:00\",\"breadcrumb\":{\"@id\":\"https:\/\/ciencia.ufpr.br\/portal\/es\/presentacion\/#breadcrumb\"},\"inLanguage\":\"es\",\"potentialAction\":[{\"@type\":\"ReadAction\",\"target\":[\"https:\/\/ciencia.ufpr.br\/portal\/es\/presentacion\/\"]}]},{\"@type\":\"ImageObject\",\"inLanguage\":\"es\",\"@id\":\"https:\/\/ciencia.ufpr.br\/portal\/es\/presentacion\/#primaryimage\",\"url\":\"https:\/\/ciencia.ufpr.br\/portal\/es\/wp-content\/uploads\/sites\/3\/2023\/04\/Envie_Pautas_1000x150-1024x112-1.png\",\"contentUrl\":\"https:\/\/ciencia.ufpr.br\/portal\/es\/wp-content\/uploads\/sites\/3\/2023\/04\/Envie_Pautas_1000x150-1024x112-1.png\"},{\"@type\":\"BreadcrumbList\",\"@id\":\"https:\/\/ciencia.ufpr.br\/portal\/es\/presentacion\/#breadcrumb\",\"itemListElement\":[{\"@type\":\"ListItem\",\"position\":1,\"name\":\"In\u00edcio\",\"item\":\"https:\/\/ciencia.ufpr.br\/portal\/es\/\"},{\"@type\":\"ListItem\",\"position\":2,\"name\":\"Presentaci\u00f3n\"}]},{\"@type\":\"WebSite\",\"@id\":\"https:\/\/ciencia.ufpr.br\/portal\/es\/#website\",\"url\":\"https:\/\/ciencia.ufpr.br\/portal\/es\/\",\"name\":\"Ci\u00eancia UFPR Edici\u00f3n en espa\u00f1ol\",\"description\":\"Portal de periodismo y divulgaci\u00f3n cient\u00edfica sobre el conocimiento producido en la Universidad Federal de Paran\u00e1 (UFPR). Basado en revista Ciencia UFPR.\",\"potentialAction\":[{\"@type\":\"SearchAction\",\"target\":{\"@type\":\"EntryPoint\",\"urlTemplate\":\"https:\/\/ciencia.ufpr.br\/portal\/es\/?s={search_term_string}\"},\"query-input\":{\"@type\":\"PropertyValueSpecification\",\"valueRequired\":true,\"valueName\":\"search_term_string\"}}],\"inLanguage\":\"es\"}]}<\/script>\n<!-- \/ Yoast SEO plugin. -->","yoast_head_json":{"title":"Presentaci\u00f3n - Ci\u00eancia UFPR Edici\u00f3n en espa\u00f1ol","robots":{"index":"index","follow":"follow","max-snippet":"max-snippet:-1","max-image-preview":"max-image-preview:large","max-video-preview":"max-video-preview:-1"},"canonical":"https:\/\/ciencia.ufpr.br\/portal\/es\/presentacion\/","og_locale":"es_ES","og_type":"article","og_title":"Presentaci\u00f3n - Ci\u00eancia UFPR Edici\u00f3n en espa\u00f1ol","og_description":"La revista electr\u00f3nica Ci\u00eancia UFPR fue dise\u00f1ada, desarrollada y actualmente es mantenida por los equipos de periodismo y dise\u00f1o de la Superintendencia de Comunicaci\u00f3n Social (Sucom) de la Universidad Federal...","og_url":"https:\/\/ciencia.ufpr.br\/portal\/es\/presentacion\/","og_site_name":"Ci\u00eancia UFPR Edici\u00f3n en espa\u00f1ol","article_modified_time":"2023-04-27T20:25:35+00:00","og_image":[{"url":"https:\/\/ciencia.ufpr.br\/portal\/es\/wp-content\/uploads\/sites\/3\/2023\/04\/Envie_Pautas_1000x150-1024x112-1.png"}],"twitter_card":"summary_large_image","twitter_misc":{"Tiempo de lectura":"3 minutos"},"schema":{"@context":"https:\/\/schema.org","@graph":[{"@type":"WebPage","@id":"https:\/\/ciencia.ufpr.br\/portal\/es\/presentacion\/","url":"https:\/\/ciencia.ufpr.br\/portal\/es\/presentacion\/","name":"Presentaci\u00f3n - Ci\u00eancia UFPR Edici\u00f3n en espa\u00f1ol","isPartOf":{"@id":"https:\/\/ciencia.ufpr.br\/portal\/es\/#website"},"primaryImageOfPage":{"@id":"https:\/\/ciencia.ufpr.br\/portal\/es\/presentacion\/#primaryimage"},"image":{"@id":"https:\/\/ciencia.ufpr.br\/portal\/es\/presentacion\/#primaryimage"},"thumbnailUrl":"https:\/\/ciencia.ufpr.br\/portal\/es\/wp-content\/uploads\/sites\/3\/2023\/04\/Envie_Pautas_1000x150-1024x112-1.png","datePublished":"2023-03-13T19:56:49+00:00","dateModified":"2023-04-27T20:25:35+00:00","breadcrumb":{"@id":"https:\/\/ciencia.ufpr.br\/portal\/es\/presentacion\/#breadcrumb"},"inLanguage":"es","potentialAction":[{"@type":"ReadAction","target":["https:\/\/ciencia.ufpr.br\/portal\/es\/presentacion\/"]}]},{"@type":"ImageObject","inLanguage":"es","@id":"https:\/\/ciencia.ufpr.br\/portal\/es\/presentacion\/#primaryimage","url":"https:\/\/ciencia.ufpr.br\/portal\/es\/wp-content\/uploads\/sites\/3\/2023\/04\/Envie_Pautas_1000x150-1024x112-1.png","contentUrl":"https:\/\/ciencia.ufpr.br\/portal\/es\/wp-content\/uploads\/sites\/3\/2023\/04\/Envie_Pautas_1000x150-1024x112-1.png"},{"@type":"BreadcrumbList","@id":"https:\/\/ciencia.ufpr.br\/portal\/es\/presentacion\/#breadcrumb","itemListElement":[{"@type":"ListItem","position":1,"name":"In\u00edcio","item":"https:\/\/ciencia.ufpr.br\/portal\/es\/"},{"@type":"ListItem","position":2,"name":"Presentaci\u00f3n"}]},{"@type":"WebSite","@id":"https:\/\/ciencia.ufpr.br\/portal\/es\/#website","url":"https:\/\/ciencia.ufpr.br\/portal\/es\/","name":"Ci\u00eancia UFPR Edici\u00f3n en espa\u00f1ol","description":"Portal de periodismo y divulgaci\u00f3n cient\u00edfica sobre el conocimiento producido en la Universidad Federal de Paran\u00e1 (UFPR). Basado en revista Ciencia UFPR.","potentialAction":[{"@type":"SearchAction","target":{"@type":"EntryPoint","urlTemplate":"https:\/\/ciencia.ufpr.br\/portal\/es\/?s={search_term_string}"},"query-input":{"@type":"PropertyValueSpecification","valueRequired":true,"valueName":"search_term_string"}}],"inLanguage":"es"}]}},"jetpack_sharing_enabled":true,"amp_enabled":true,"_links":{"self":[{"href":"https:\/\/ciencia.ufpr.br\/portal\/es\/wp-json\/wp\/v2\/pages\/824"}],"collection":[{"href":"https:\/\/ciencia.ufpr.br\/portal\/es\/wp-json\/wp\/v2\/pages"}],"about":[{"href":"https:\/\/ciencia.ufpr.br\/portal\/es\/wp-json\/wp\/v2\/types\/page"}],"author":[{"embeddable":true,"href":"https:\/\/ciencia.ufpr.br\/portal\/es\/wp-json\/wp\/v2\/users\/2801"}],"replies":[{"embeddable":true,"href":"https:\/\/ciencia.ufpr.br\/portal\/es\/wp-json\/wp\/v2\/comments?post=824"}],"version-history":[{"count":7,"href":"https:\/\/ciencia.ufpr.br\/portal\/es\/wp-json\/wp\/v2\/pages\/824\/revisions"}],"predecessor-version":[{"id":1238,"href":"https:\/\/ciencia.ufpr.br\/portal\/es\/wp-json\/wp\/v2\/pages\/824\/revisions\/1238"}],"wp:attachment":[{"href":"https:\/\/ciencia.ufpr.br\/portal\/es\/wp-json\/wp\/v2\/media?parent=824"}],"curies":[{"name":"wp","href":"https:\/\/api.w.org\/{rel}","templated":true}]}}